{"id":5823,"date":"2021-06-25T10:20:10","date_gmt":"2021-06-25T15:20:10","guid":{"rendered":"https:\/\/fundacionjaviermarin.mx\/?page_id=5823"},"modified":"2021-06-25T12:37:06","modified_gmt":"2021-06-25T17:37:06","slug":"vivir-del-arte","status":"publish","type":"page","link":"https:\/\/fundacionjaviermarin.mx\/en\/vivir-del-arte\/","title":{"rendered":"\u00bfVivir del arte? S\u00ed"},"content":{"rendered":"<div class=\"wpb-content-wrapper\"><p>[vc_row css_animation=&#8221;&#8221; row_type=&#8221;row&#8221; use_row_as_full_screen_section=&#8221;no&#8221; type=&#8221;full_width&#8221; angled_section=&#8221;no&#8221; text_align=&#8221;left&#8221; background_image_as_pattern=&#8221;without_pattern&#8221; padding_bottom=&#8221;30&#8243;][vc_column width=&#8221;1\/3&#8243;][vc_single_image image=&#8221;5816&#8243; img_size=&#8221;large&#8221; qode_css_animation=&#8221;&#8221;][\/vc_column][vc_column width=&#8221;2\/3&#8243;][vc_row_inner row_type=&#8221;row&#8221; type=&#8221;full_width&#8221; text_align=&#8221;left&#8221; css_animation=&#8221;&#8221;][vc_column_inner width=&#8221;2\/3&#8243;][vc_column_text]<\/p>\n<h2>Description<\/h2>\n<p>[\/vc_column_text][\/vc_column_inner][vc_column_inner width=&#8221;1\/3&#8243; offset=&#8221;vc_hidden-lg vc_hidden-md vc_hidden-sm vc_hidden-xs&#8221;]<a  itemprop=\"url\" href=\"https:\/\/www.kichink.com\/buy\/2032299\/coleccion-puntal-de-la-fundacion-javier-marin\/vivir-del-arte-si-el-universo-del-mercado-y-la-valuacion-de-las-artes-plasticas?byp455=true\" target=\"_blank\"  class=\"qbutton  center default\" style=\"\">Buy now<i class=\"qode_icon_font_awesome fa fa-arrow-right qode_button_icon_element\" style=\"\" ><\/i><\/a><a  itemprop=\"url\" href=\"https:\/\/www.kichink.com\/buy\/2032299\/coleccion-puntal-de-la-fundacion-javier-marin\/vivir-del-arte-si-el-universo-del-mercado-y-la-valuacion-de-las-artes-plasticas?byp455=true\" target=\"_blank\"  class=\"qbutton  center default\" style=\"\">Buy now<i class=\"qode_icon_font_awesome fa fa-arrow-right qode_button_icon_element\" style=\"\" ><\/i><\/a>[\/vc_column_inner][\/vc_row_inner][vc_separator type=&#8221;normal&#8221; down=&#8221;30&#8243;][vc_column_text]<\/p>\n<h4>Rafael Matos and Valeria Matos<\/h4>\n<p>Illustrations by Trino[\/vc_column_text][vc_empty_space height=&#8221;20px&#8221;][vc_column_text]Paperback<br \/>\ntwo colors<br \/>\n120 pages<br \/>\n19 x 13.5 cm<br \/>\n140.00 MX | 7.5 USD | 7.00 \u20ac<br \/>\n978-607-97508-4-8[\/vc_column_text][vc_empty_space height=&#8221;20px&#8221;][\/vc_column][\/vc_row][vc_row css_animation=&#8221;&#8221; row_type=&#8221;row&#8221; use_row_as_full_screen_section=&#8221;no&#8221; type=&#8221;full_width&#8221; angled_section=&#8221;no&#8221; text_align=&#8221;left&#8221; background_image_as_pattern=&#8221;without_pattern&#8221; padding_top=&#8221;30&#8243; padding_bottom=&#8221;30&#8243;][vc_column][vc_column_text]Artistic expression is not born as a commodity, but its creators have to sell it to be able to support themselves. This book offers a panoramic view of some of the most important aspects involved in the sale of art works, to orient artists about how to get into the market.[\/vc_column_text][vc_empty_space height=&#8221;20px&#8221;][vc_column_text]It explains what the criteria are for appropriately appraising a piece, the principles for pricing the artist\u2019s own production, and key aspects that influence the piece\u2019s value, such as the techniques used and the signature.[\/vc_column_text][vc_empty_space height=&#8221;20px&#8221;][vc_column_text]In addition to reflecting on the specificities of the relationship between the artist and intermediaries, the authors offer practical advice for drawing up contracts with galleries and organizing exhibitions, as well as the crucial link to collectors. And this book is guided by a fundamental conviction: it is possible to make a living from creating.[\/vc_column_text][vc_empty_space height=&#8221;20px&#8221;][\/vc_column][\/vc_row][vc_row css_animation=&#8221;&#8221; row_type=&#8221;row&#8221; use_row_as_full_screen_section=&#8221;no&#8221; type=&#8221;full_width&#8221; angled_section=&#8221;no&#8221; text_align=&#8221;left&#8221; background_image_as_pattern=&#8221;without_pattern&#8221; padding_bottom=&#8221;30&#8243;][vc_column][vc_single_image image=&#8221;5842&#8243; img_size=&#8221;large&#8221; onclick=&#8221;custom_link&#8221; img_link_target=&#8221;_blank&#8221; qode_css_animation=&#8221;&#8221; link=&#8221;https:\/\/issuu.com\/puntal_fjm\/docs\/libro_05_vivir_del_arte_pdf_para_is&#8221;][\/vc_column][\/vc_row][vc_row css_animation=&#8221;&#8221; row_type=&#8221;row&#8221; use_row_as_full_screen_section=&#8221;no&#8221; type=&#8221;full_width&#8221; angled_section=&#8221;no&#8221; text_align=&#8221;left&#8221; background_image_as_pattern=&#8221;without_pattern&#8221; padding_top=&#8221;30&#8243; padding_bottom=&#8221;30&#8243;][vc_column][vc_column_text]<strong>Rafael Matos<\/strong> has a bachelor\u2019s degree in economics from the Universidad Nacional Aut\u00f3nomo de M\u00e9xico (National Autonomous University of Mexico). In 1985, he founded the gallery that bears his name, which he then also turned into an auction house. The following year, he created Difusora Mexicana de Arte (Dimart), one of Mexico\u2019s first auction houses, together with Mariana P\u00e9rez Amor, Alejandra Reigadas, Ram\u00f3n L\u00f3pez Quiroga, Patricia Ortiz Monasterio, and Jaime Riestra.[\/vc_column_text][vc_empty_space height=&#8221;20px&#8221;][vc_column_text]From 1990 to 1993, he was president of the Asociaci\u00f3n Mexicana de Comerciantes de Arte (Mexican Association of Art Dealers). He is an expert in art and antiques appraisal, licensed by the Mexican government. He has held more than 300 auctions and given different talks and seminars dedicated to art and art forgery both in Mexico and abroad.[\/vc_column_text][vc_empty_space height=&#8221;20px&#8221;][vc_column_text]His opinion is valued as one of the fundamental voices in Mexican visual art.[\/vc_column_text][vc_empty_space height=&#8221;30px&#8221;][vc_column_text]<strong>Valeria Matos<\/strong> has a master\u2019s degree in women\u2019s studies from the Universidad Aut\u00f3noma Metropolitana (Autonomous Metropolitan University) and a bachelor\u2019s from the Instituto Cultural Hel\u00e9nico-Universidad Aut\u00f3noma de M\u00e9xico (Hellenic Cultural Institute-Autonomous University of Mexico).[\/vc_column_text][vc_empty_space height=&#8221;30px&#8221;][vc_column_text]She has worked in different cultural institutions like the Museo Nacional de Antropolog\u00eda (National Museum of Anthropology) and the Secretar\u00eda de Cultura de la Ciudad de M\u00e9xico (Mexico City Cultural Ministry). She is part of the Rafael Matos auction house team and a lecturer at different cultural venues such as the Museo Memoria y Tolerancia (Memory and Tolerance Museum). She is also an essayist for academic and popular magazines.[\/vc_column_text][vc_empty_space height=&#8221;30px&#8221;][vc_column_text]<strong>Trino<\/strong> is a Mexican caricaturist and comic-book writer with a direct, acid wit. His cartoons cover very different themes, ranging from children\u2019s jokes to the most acute political critiques. [\/vc_column_text][vc_empty_space height=&#8221;30px&#8221;][vc_column_text]He is the winner of the Premio Nacional de Periodismo en Cart\u00f3n Pol\u00edtico (National Prize in Journalism for Political Cartoons) (2000) and the Premio Nacional de Comunicaci\u00f3n Jos\u00e9 Pag\u00e9s Llergo 2006 (2006 Jos\u00e9 Pag\u00e9s Llergo National Prize for Communication).[\/vc_column_text][vc_empty_space height=&#8221;30px&#8221;][\/vc_column][\/vc_row]<\/p>\n<\/div>","protected":false},"excerpt":{"rendered":"<p>[vc_row css_animation=&#8221;&#8221; row_type=&#8221;row&#8221; use_row_as_full_screen_section=&#8221;no&#8221; type=&#8221;full_width&#8221; angled_section=&#8221;no&#8221; text_align=&#8221;left&#8221; background_image_as_pattern=&#8221;without_pattern&#8221; padding_bottom=&#8221;30&#8243;][vc_column width=&#8221;1\/3&#8243;][vc_single_image image=&#8221;5816&#8243; img_size=&#8221;large&#8221; qode_css_animation=&#8221;&#8221;][\/vc_column][vc_column width=&#8221;2\/3&#8243;][vc_row_inner row_type=&#8221;row&#8221; type=&#8221;full_width&#8221; text_align=&#8221;left&#8221; css_animation=&#8221;&#8221;][vc_column_inner width=&#8221;2\/3&#8243;][vc_column_text] Description [\/vc_column_text][\/vc_column_inner][vc_column_inner width=&#8221;1\/3&#8243; offset=&#8221;vc_hidden-lg vc_hidden-md vc_hidden-sm vc_hidden-xs&#8221;][\/vc_column_inner][\/vc_row_inner][vc_separator type=&#8221;normal&#8221; down=&#8221;30&#8243;][vc_column_text] Rafael Matos and Valeria Matos Illustrations by Trino[\/vc_column_text][vc_empty_space height=&#8221;20px&#8221;][vc_column_text]Paperback two colors 120 pages 19 x 13.5 cm 140.00 MX | 7.5 USD | 7.00 \u20ac 978-607-97508-4-8[\/vc_column_text][vc_empty_space height=&#8221;20px&#8221;][\/vc_column][\/vc_row][vc_row&#8230;<\/p>\n","protected":false},"author":2,"featured_media":0,"parent":0,"menu_order":0,"comment_status":"closed","ping_status":"closed","template":"","meta":{"footnotes":""},"class_list":["post-5823","page","type-page","status-publish","hentry"],"_links":{"self":[{"href":"https:\/\/fundacionjaviermarin.mx\/en\/wp-json\/wp\/v2\/pages\/5823","targetHints":{"allow":["GET"]}}],"collection":[{"href":"https:\/\/fundacionjaviermarin.mx\/en\/wp-json\/wp\/v2\/pages"}],"about":[{"href":"https:\/\/fundacionjaviermarin.mx\/en\/wp-json\/wp\/v2\/types\/page"}],"author":[{"embeddable":true,"href":"https:\/\/fundacionjaviermarin.mx\/en\/wp-json\/wp\/v2\/users\/2"}],"replies":[{"embeddable":true,"href":"https:\/\/fundacionjaviermarin.mx\/en\/wp-json\/wp\/v2\/comments?post=5823"}],"version-history":[{"count":3,"href":"https:\/\/fundacionjaviermarin.mx\/en\/wp-json\/wp\/v2\/pages\/5823\/revisions"}],"predecessor-version":[{"id":5888,"href":"https:\/\/fundacionjaviermarin.mx\/en\/wp-json\/wp\/v2\/pages\/5823\/revisions\/5888"}],"wp:attachment":[{"href":"https:\/\/fundacionjaviermarin.mx\/en\/wp-json\/wp\/v2\/media?parent=5823"}],"curies":[{"name":"wp","href":"https:\/\/api.w.org\/{rel}","templated":true}]}}