{"id":620,"date":"2017-06-20T13:12:48","date_gmt":"2017-06-20T18:12:48","guid":{"rendered":"http:\/\/fundacionjaviermarin.mx\/?page_id=620"},"modified":"2022-07-12T13:55:36","modified_gmt":"2022-07-12T18:55:36","slug":"the-foundation","status":"publish","type":"page","link":"https:\/\/fundacionjaviermarin.mx\/en\/the-foundation\/","title":{"rendered":"The Foundation"},"content":{"rendered":"<div class=\"wpb-content-wrapper\"><p>[vc_row css_animation=&#8221;&#8221; row_type=&#8221;row&#8221; use_row_as_full_screen_section=&#8221;no&#8221; type=&#8221;grid&#8221; angled_section=&#8221;no&#8221; text_align=&#8221;left&#8221; background_image_as_pattern=&#8221;without_pattern&#8221; anchor=&#8221;work&#8221; css=&#8221;.vc_custom_1592263907924{padding-top: 60px !important;padding-bottom: 60px !important;}&#8221; el_id=&#8221;work&#8221; z_index=&#8221;&#8221;][vc_column][vc_column_text]<\/p>\n<h2>Our Work<\/h2>\n<p>[\/vc_column_text][vc_separator type=&#8221;normal&#8221; down=&#8221;30&#8243;][vc_column_text]We harness the creative nature of human beings as a tool for social development. We build programs that support the professionalization of artists, artisans, designers and different actors involved in cultural activity.[\/vc_column_text][\/vc_column][\/vc_row][vc_row css_animation=&#8221;&#8221; row_type=&#8221;row&#8221; use_row_as_full_screen_section=&#8221;yes&#8221; type=&#8221;grid&#8221; angled_section=&#8221;no&#8221; text_align=&#8221;left&#8221; background_image_as_pattern=&#8221;without_pattern&#8221; anchor=&#8221;mission-vision&#8221; css=&#8221;.vc_custom_1592263919860{padding-bottom: 50px !important;}&#8221; el_id=&#8221;mission-vision&#8221; z_index=&#8221;&#8221;][vc_column width=&#8221;2\/3&#8243;][vc_column_text]<\/p>\n<h2>Mission<\/h2>\n<p>[\/vc_column_text][vc_separator type=&#8221;normal&#8221; down=&#8221;30&#8243;][vc_column_text]We foster actions that favor convergence, experimentation, discussion and professionalization in the plastic and visual arts, in order to support social development.[\/vc_column_text][\/vc_column][vc_column width=&#8221;1\/3&#8243;][vc_single_image image=&#8221;27&#8243; img_size=&#8221;full&#8221; qode_css_animation=&#8221;&#8221;][\/vc_column][\/vc_row][vc_row css_animation=&#8221;&#8221; row_type=&#8221;row&#8221; use_row_as_full_screen_section=&#8221;yes&#8221; type=&#8221;grid&#8221; angled_section=&#8221;no&#8221; text_align=&#8221;left&#8221; background_image_as_pattern=&#8221;without_pattern&#8221; anchor=&#8221;mission-vision&#8221; css=&#8221;.vc_custom_1498055047140{padding-bottom: 50px !important;}&#8221;][vc_column width=&#8221;2\/3&#8243;][vc_column_text]<\/p>\n<h2>Vision<\/h2>\n<p>[\/vc_column_text][vc_separator type=&#8221;normal&#8221; down=&#8221;30&#8243;][vc_column_text]To consolidate ourselves as a point of reference on a national and international level in relation to professionalization and experimentation, knowledge and dialogue, about contemporary artistic thought and practice.[\/vc_column_text][\/vc_column][vc_column width=&#8221;1\/3&#8243;][vc_single_image image=&#8221;29&#8243; img_size=&#8221;full&#8221; qode_css_animation=&#8221;&#8221;][\/vc_column][\/vc_row][vc_row css_animation=&#8221;&#8221; row_type=&#8221;row&#8221; use_row_as_full_screen_section=&#8221;yes&#8221; type=&#8221;grid&#8221; angled_section=&#8221;no&#8221; text_align=&#8221;left&#8221; background_image_as_pattern=&#8221;without_pattern&#8221; anchor=&#8221;javier-marin&#8221; css=&#8221;.vc_custom_1592263932840{padding-top: 40px !important;padding-bottom: 40px !important;}&#8221; el_id=&#8221;javier-marin&#8221; z_index=&#8221;&#8221;][vc_column width=&#8221;1\/2&#8243;][vc_empty_space height=&#8221;20px&#8221;][vc_empty_space height=&#8221;20px&#8221;][vc_empty_space height=&#8221;20px&#8221;][vc_empty_space height=&#8221;20px&#8221;][vc_empty_space height=&#8221;20px&#8221;][vc_empty_space height=&#8221;20px&#8221;][vc_single_image image=&#8221;5703&#8243; img_size=&#8221;full&#8221; qode_css_animation=&#8221;&#8221;][vc_empty_space height=&#8221;20px&#8221;][\/vc_column][vc_column width=&#8221;1\/2&#8243;][vc_row_inner row_type=&#8221;row&#8221; type=&#8221;full_width&#8221; text_align=&#8221;left&#8221; css_animation=&#8221;&#8221;][vc_column_inner][\/vc_column_inner][\/vc_row_inner][vc_column_text]<\/p>\n<h2>Javier Mar\u00edn<\/h2>\n<p>[\/vc_column_text][vc_separator type=&#8221;normal&#8221;][vc_empty_space height=&#8221;30px&#8221;][vc_column_text]Mexican artist born in MEXICO (Uruapan Michoac\u00e1n), in 1962, with an active\u00a040-year career, Javier Mar\u00edn has exhibited individually on more than one hundred occasions and has participated in over two hundred collective exhibitions in Mexico, the United States and Canada, as well as in countries in Central America, South America, Asia, and Europe.[\/vc_column_text][vc_empty_space height=&#8221;20px&#8221;][vc_column_text]Javier Mar\u00edn conceives an integral human being through analyzing the construction and deconstruction process of three-dimensional forms.[\/vc_column_text][vc_empty_space height=&#8221;20px&#8221;][vc_column_text]To achieve his objective, he works with photography, textile, graphics, drawing and sculpture. Although many of his pieces are paradoxically abstract,\u00a0he is mostly known for his figurative sculpture depicting human.[\/vc_column_text][vc_empty_space height=&#8221;20px&#8221;][vc_column_text]For his\u00a0investigation,\u00a0he has not only used traditional materials and worked with highly trained technicians\u00a0(terracotta, cast\u00a0bronze, marble carving or wood carving), but he has also worked with polymers to incapsulate seeds, sugar, meat, tobacco and others.\u00a0With\u00a0his pieces,\u00a0he\u00a0invites\u00a0the spectator to focus\u00a0on the evidence of the process, (the elements that are crucial in the transformation of materials into shape) and the\u00a0intervention of third parties. Lately he has been working with digital scanning and printing.[\/vc_column_text][vc_empty_space height=&#8221;20px&#8221;][vc_column_text]His most recent occupation has been the creation of a Foundation dedicated to human development through design art and traditional culture.[\/vc_column_text][vc_empty_space height=&#8221;20px&#8221;][vc_column_text]<a href=\"http:\/\/javiermarin.com.mx\/\" target=\"_blank\" rel=\"noopener noreferrer\">www.javiermarin.com.mx<\/a>[\/vc_column_text][\/vc_column][\/vc_row][vc_row css_animation=&#8221;&#8221; row_type=&#8221;row&#8221; use_row_as_full_screen_section=&#8221;yes&#8221; type=&#8221;grid&#8221; angled_section=&#8221;no&#8221; text_align=&#8221;left&#8221; background_image_as_pattern=&#8221;without_pattern&#8221; anchor=&#8221;programs&#8221; css=&#8221;.vc_custom_1592263945823{padding-top: 40px !important;padding-bottom: 40px !important;}&#8221; el_id=&#8221;programs&#8221; z_index=&#8221;&#8221;][vc_column][vc_column_text]<\/p>\n<h2>Programs<\/h2>\n<p>[\/vc_column_text][vc_separator type=&#8221;normal&#8221;][vc_empty_space height=&#8221;30px&#8221;][vc_column_text]The foundation has two closely related programs: the Educational Program and the Collections Program. Both turn around three fundamental axes:[\/vc_column_text][vc_empty_space height=&#8221;20px&#8221;][vc_column_text]<\/p>\n<ul>\n<li>Research<\/li>\n<li>Knowledge<\/li>\n<li>Experimentation<\/li>\n<\/ul>\n<p>[\/vc_column_text][\/vc_column][\/vc_row][vc_row css_animation=&#8221;&#8221; row_type=&#8221;row&#8221; use_row_as_full_screen_section=&#8221;yes&#8221; type=&#8221;grid&#8221; angled_section=&#8221;no&#8221; text_align=&#8221;left&#8221; background_image_as_pattern=&#8221;without_pattern&#8221; anchor=&#8221;glosary&#8221; css=&#8221;.vc_custom_1592263956330{padding-top: 60px !important;padding-bottom: 60px !important;}&#8221; el_id=&#8221;glosary&#8221; z_index=&#8221;&#8221;][vc_column][vc_column_text]<\/p>\n<h2>Glosary<\/h2>\n<p>[\/vc_column_text][vc_row_inner row_type=&#8221;row&#8221; type=&#8221;full_width&#8221; text_align=&#8221;left&#8221; css_animation=&#8221;&#8221;][vc_column_inner][vc_separator type=&#8221;normal&#8221; down=&#8221;30&#8243;][vc_column_text]This Glossary is intended to build a grammar that allows us to establish the common and fundamental principles that define our foundation.[\/vc_column_text][vc_empty_space height=&#8221;20px&#8221;][\/vc_column_inner][\/vc_row_inner][vc_row_inner row_type=&#8221;row&#8221; type=&#8221;full_width&#8221; text_align=&#8221;left&#8221; css_animation=&#8221;&#8221;][vc_column_inner][vc_column_text]<div class=\"glossary-atoz-wrapper\"><ul class=\"glossary-menu-atoz\"><li class=\"glossary-menu-item atoz-menu-a atoz-clickable atozmenu-off\" title=\"Terms: 2\"  data-alpha=\"a\"><a href=\"#a\">A<\/a><\/li><li class=\"glossary-menu-item atoz-menu-c atoz-clickable atozmenu-off\" title=\"Terms: 4\"  data-alpha=\"c\"><a href=\"#c\">C<\/a><\/li><li class=\"glossary-menu-item atoz-menu-d atoz-clickable atozmenu-off\" title=\"Terms: 2\"  data-alpha=\"d\"><a href=\"#d\">D<\/a><\/li><li class=\"glossary-menu-item atoz-menu-e atoz-clickable atozmenu-off\" title=\"Terms: 4\"  data-alpha=\"e\"><a href=\"#e\">E<\/a><\/li><li class=\"glossary-menu-item atoz-menu-i atoz-clickable atozmenu-off\" title=\"Terms: 1\"  data-alpha=\"i\"><a href=\"#i\">I<\/a><\/li><li class=\"glossary-menu-item atoz-menu-l atoz-clickable atozmenu-off\" title=\"Terms: 1\"  data-alpha=\"l\"><a href=\"#l\">L<\/a><\/li><li class=\"glossary-menu-item atoz-menu-p atoz-clickable atozmenu-off\" title=\"Terms: 5\"  data-alpha=\"p\"><a href=\"#p\">P<\/a><\/li><li class=\"glossary-menu-item atoz-menu-t atoz-clickable atozmenu-off\" title=\"Terms: 1\"  data-alpha=\"t\"><a href=\"#t\">T<\/a><\/li><li class=\"glossary-menu-item atoz-menu-v atoz-clickable atozmenu-off\" title=\"Terms: 1\"  data-alpha=\"v\"><a href=\"#v\">V<\/a><\/li><\/ul><div style=\"clear: both;\"><\/div><div class=\"wpg-please-select\"><p>Please select from the menu above<\/p><\/div><div style=\"clear: both;\"><\/div><div class=\"glossary-atoz-wrapper\"><ul class=\"glossary-atoz glossary-atoz-a atozitems-off\"><li class=\"glossary-item atoz-li atoz-li-a\"><span class=\"atoz-term-title\">Aproximaci\u00f3n \/ Approach<\/span><br><span class=\"glossary-item-desc\"><p>ESP: Se refiere al contacto que se establece entre las personas del gremio de las artes pl\u00e1sticas y visuales y su acercamiento alrededor de los grandes temas que las definen. <\/p>\n<p>ING: The contact established among people who are part of the visual arts and their ways of dealing with the great issues that define them.<\/p>\n<\/span><\/li><li class=\"glossary-item atoz-li atoz-li-a\"><span class=\"atoz-term-title\">Asesor \/ Advisor<\/span><br><span class=\"glossary-item-desc\"><p>ESP: Especialista que presta consejo sobre alg\u00fan tema. Un asesor es aquella persona que habla sobre su experiencia y de alguna manera acompa\u00f1a a otra persona por un camino profesional.<\/p>\n<p>ING: Specialist who gives advice on a particular topic. An advisor is someone who talks about his\/her experience and in that way accompanies another through his\/her career.<\/p>\n<\/span><\/li><\/ul><ul class=\"glossary-atoz glossary-atoz-c atozitems-off\"><li class=\"glossary-item atoz-li atoz-li-c\"><span class=\"atoz-term-title\">Condici\u00f3n contempor\u00e1nea \/ Contemporary condition<\/span><br><span class=\"glossary-item-desc\"><p>ESP: Se refiere al tiempo presente en el que vivimos y desde el cual pensamos, actuamos y decimos. El artista hoy en d\u00eda se ve obligado a pensar y desarrollar su obra desde este tempo.<\/p>\n<p>ING: The present day, in which we live and from which our thoughts, actions, and speech spring. Today, the artist is forced to think and develop his\/her work from this time.<\/p>\n<\/span><\/li><li class=\"glossary-item atoz-li atoz-li-c\"><span class=\"atoz-term-title\">Conocimiento \/ Knowledge<\/span><br><span class=\"glossary-item-desc\"><p>ESP: Se centra en compartir los saberes, a trav\u00e9s de intercambiar experiencias, ideas y proyectos.<\/p>\n<p>ING: Centers on sharing capabilities and wisdom through the exchange of experiences, ideas, and projects.<\/p>\n<\/span><\/li><li class=\"glossary-item atoz-li atoz-li-c\"><span class=\"atoz-term-title\">Conocimiento significativo \/ Meaningful knowledge<\/span><br><span class=\"glossary-item-desc\"><p>ESP: Es decir que aquello que se conoce, que se investiga, que se dialoga y que se experimenta, representa para todos algo que transforma, que nos transforma. Este conocimiento surge de la aproximaci\u00f3n que se convierte en experiencia, una experiencia donde las preguntas, las ideas, los diferentes temas a tratar, generan a su vez otras preguntas y otras ideas.<\/p>\n<p>ING: That which is known, researched, dialogued, and experienced. It is something for everyone, which transforms the world and us. This knowledge comes from an approach that becomes an experience, an experience in which questions, ideas, the different topics to be dealt with in turn generate other questions and other ideas.<\/p>\n<\/span><\/li><li class=\"glossary-item atoz-li atoz-li-c\"><span class=\"atoz-term-title\">Creaci\u00f3n \/ Creation<\/span><br><span class=\"glossary-item-desc\"><p>ESP: Todo lo relacionado con el quehacer del artista , crear es construir a trav\u00e9s de un ensayo que permite la b\u00fasqueda dentro de un proceso art\u00edstico.<\/p>\n<p>ING: Everything related to an artist\u2019s work. Creating is building through trial and error, making it possible to search within the artistic process.<\/p>\n<\/span><\/li><\/ul><ul class=\"glossary-atoz glossary-atoz-d atozitems-off\"><li class=\"glossary-item atoz-li atoz-li-d\"><span class=\"atoz-term-title\">Di\u00e1logo \/ Dialogue<\/span><br><span class=\"glossary-item-desc\"><p>ESP: Ser\u00e1 un instrumento fundamental donde la escucha, el intercambio y las ideas contribuir\u00e1n en esta experiencia educativa.<\/p>\n<p>ING: A fundamental instrument in which listening, exchange, and ideas will contribute to this educational experience.<\/p>\n<\/span><\/li><li class=\"glossary-item atoz-li atoz-li-d\"><span class=\"atoz-term-title\">Difusi\u00f3n \/ Dissemination<\/span><br><span class=\"glossary-item-desc\"><p>ESP: Dar a conocer a trav\u00e9s de diferentes mecanismos y medios de comunicaci\u00f3n, el producto creativo y art\u00edstico.<\/p>\n<p>ING: Using different mechanisms and media to make known the creative, artistic product.<\/p>\n<\/span><\/li><\/ul><ul class=\"glossary-atoz glossary-atoz-e atozitems-off\"><li class=\"glossary-item atoz-li atoz-li-e\"><span class=\"atoz-term-title\">Educaci\u00f3n no formal \/ Non-formal education<\/span><br><span class=\"glossary-item-desc\"><p>ESP: Es un espacio (no f\u00edsico) no escolarizado, no controlado, no cuantificable, no opresor, no calificable; pero si placentero, enriquecedor y sobre todo creativo; un espacio donde se comparte la experiencia est\u00e9tica y se posibilita el enriquecimiento, crecimiento y expresi\u00f3n de todas aquellas personas que est\u00e1n involucradas de una u otra forma en el proceso, y que les permite a todos los implicados aproximarse de una u otra manera al arte.<\/p>\n<p>ING: A non-physical, non-classroom, uncontrolled, unquantifiable, non-oppressive, indescribable space for education; it is also pleasant, enriching, and, above all, creative, a space where aesthetic experience is shared, making possible the enrichment, growth, and expression of everyone involved one way or another in the process, allowing them all to approach art in different ways.<\/p>\n<\/span><\/li><li class=\"glossary-item atoz-li atoz-li-e\"><span class=\"atoz-term-title\">Encuentro \/ Encounter<\/span><br><span class=\"glossary-item-desc\"><p>ESP: Acto de coincidir en un punto\u2026 resolver o preparar alg\u00fan asunto\u2026 dar con algo sin buscarlo\u2026 opinar diferente\u2026conformar convenir, coincidir\u2026hallar algo que causa sorpresa\u2026 confrontar. Un encuentro siempre nos confronta con la otredad, salir de nuestra percepci\u00f3n, de nuestros sentimientos y de nuestras conclusiones es salir para escuchar la voz del otro, en el mejor de los casos establecer un dialogo resulta inc\u00f3modo, las ideas de los otros se vuelven amenazadoras y al mismo tiempo nos atraen, se unen con nuestras percepciones y as\u00ed logramos formular nuestras propias preguntas y por ende un conocimiento significativo.<\/p>\n<p>ING: the act of coinciding at a point . . . resolving or preparing something . . . come upon something without looking for it . . . having a different opinion . . . shape, agree upon, concur . . . find something surprising . . . confront. An encounter always brings us face to face with the other, leaving behind our perception, our feelings, and our conclusions means going out to listen to the voice of the other. In the best of cases, establishing a dialogue is uncomfortable; the ideas of others become threatening and at the same time attract us, join with our perceptions, and, thus, we manage to formulate our own questions and therefore significant learning.<\/p>\n<\/span><\/li><li class=\"glossary-item atoz-li atoz-li-e\"><span class=\"atoz-term-title\">Experimentaci\u00f3n \/ Experimentation<\/span><br><span class=\"glossary-item-desc\"><p>ESP: La experimentaci\u00f3n en el arte es un proceso de b\u00fasqueda, donde el artista realiza diferentes acciones que lo conducen a la definici\u00f3n de su propio lenguaje.<\/p>\n<p>ING: In art, a search in which the artist takes different actions that lead him\/her to the definition of his\/her own language.<\/p>\n<\/span><\/li><li class=\"glossary-item atoz-li atoz-li-e\"><span class=\"atoz-term-title\">Experimentaci\u00f3n \/ Experimentation<\/span><br><span class=\"glossary-item-desc\"><p>ESP: Es la parte pr\u00e1ctica que desarrolla un artista, experimentar implica la b\u00fasqueda de formas y fondos, es decir de lenguajes y t\u00e9cnicas, con el fin de llegar a un producto que se comparte.<\/p>\n<p>ING: An artist\u2019s practical activity. Experimenting implies searching for forms and content, that is, languages and techniques, to arrive at a product that is then shared.<\/p>\n<\/span><\/li><\/ul><ul class=\"glossary-atoz glossary-atoz-i atozitems-off\"><li class=\"glossary-item atoz-li atoz-li-i\"><span class=\"atoz-term-title\">Investigaci\u00f3n \/ Research<\/span><br><span class=\"glossary-item-desc\"><p>ESP: Por un lado, se refiere a la b\u00fasqueda de informaci\u00f3n que d\u00e9 sustento a diferentes proyectos generados desde la fundaci\u00f3n. (vs. investigaci\u00f3n que tiene por fin ampliar el conocimiento cient\u00edfico, sin perseguir, en principio, ninguna aplicaci\u00f3n pr\u00e1ctica.) Y por otro, este eje alude a la b\u00fasqueda de informaci\u00f3n cualitativa y cuantitativa relacionada con el arte; con la intenci\u00f3n de apoyar la discusi\u00f3n y la reflexi\u00f3n alrededor del discurso del arte en la contemporaneidad.<\/p>\n<p>ING: On the one hand, the search for information to substantiate the different projects generated by the foundation, as opposed to research whose aim is to broaden scientific knowledge without in principle seeking any practical application. Here, it also alludes to the quest for qualitative and quantitative information related to art in the interest of contributing to the discussion and reflection around the discourse of art today.<\/p>\n<\/span><\/li><\/ul><ul class=\"glossary-atoz glossary-atoz-l atozitems-off\"><li class=\"glossary-item atoz-li atoz-li-l\"><span class=\"atoz-term-title\">Lenguaje art\u00edstico \/ Artistic language<\/span><br><span class=\"glossary-item-desc\"><p>ESP: El lenguaje en el arte se refiere a la b\u00fasqueda que el artista hace de su propio decir, est\u00e1 b\u00fasqueda se da a partir de conceptos, t\u00e9cnicas y materiales. La obra de arte exige ser identificada directamente con el artista que la crea. El lenguaje es una b\u00fasqueda que se desarrolla en todo el proceso creativo y que va siendo modificado seg\u00fan las vivencias, las preguntas, las reflexiones y los conceptos que el artista elabora.<\/p>\n<p>ING: The artist\u2019s quest for his\/her own voice, carried out based on concepts, techniques, and materials. The work of art requires being directly identified with the artist who creates it. Language is a search carried out throughout the creative process and which is changed in accordance with experiences, questions, reflections, and concepts that the artist develops.<\/p>\n<\/span><\/li><\/ul><ul class=\"glossary-atoz glossary-atoz-p atozitems-off\"><li class=\"glossary-item atoz-li atoz-li-p\"><span class=\"atoz-term-title\">Participantes \/ Participants<\/span><br><span class=\"glossary-item-desc\"><p>ESP: Alguien que interviene activamente en alg\u00fan suceso, actividad o proceso de conceptualizaci\u00f3n art\u00edstica.<\/p>\n<p>ING: Someone who actively intervenes in an event, activity, or process of artistic conceptualization.<\/p>\n<\/span><\/li><li class=\"glossary-item atoz-li atoz-li-p\"><span class=\"atoz-term-title\">Planteamiento metodol\u00f3gico \/ Methodology<\/span><br><span class=\"glossary-item-desc\"><p>ESP: Parte de una l\u00ednea horizontal donde todos aprendemos de todos, cada quien desde su experiencia y conocimiento.<\/p>\n<p>ING: Using as a starting point a horizontal line along which we all learn from each other, every person from his or her experience and knowledge.<\/p>\n<\/span><\/li><li class=\"glossary-item atoz-li atoz-li-p\"><span class=\"atoz-term-title\">Procesos art\u00edsticos \/ Artistic processes<\/span><br><span class=\"glossary-item-desc\"><p>ESP: Se refiere al camino que debe transitar un artista en la b\u00fasqueda y construcci\u00f3n de su propio lenguaje, con la intenci\u00f3n de saber traducir su decir en el desarrollo pr\u00e1ctico de su obra.<\/p>\n<p>ING: The path an artist must take in the search for and construction of his\/her own language with the intention of knowing how to translate what he\/she wants to say in the practical development of his\/her work.<\/p>\n<\/span><\/li><li class=\"glossary-item atoz-li atoz-li-p\"><span class=\"atoz-term-title\">Profesionales \/ Professionals<\/span><br><span class=\"glossary-item-desc\"><p>ESP: Persona que realiza su trabajo con aplicaci\u00f3n, seriedad, honradez y eficacia, tambi\u00e9n un profesional es un experto que ejerce su oficio con destacada capacidad.<\/p>\n<p>ING: Someone who does his\/her work in a dedicated, serious, honorable, effective way. A professional is also an expert who exercises his\/her craft with outstanding ability.<\/p>\n<\/span><\/li><li class=\"glossary-item atoz-li atoz-li-p\"><span class=\"atoz-term-title\">Profesionalizaci\u00f3n \/ Professionalization<\/span><br><span class=\"glossary-item-desc\"><p>ESP: Es saber moverse en el ambiente laboral; la profesionalizaci\u00f3n permite el movimiento consciente a trav\u00e9s de las dificultades y de las oportunidades, a trav\u00e9s de ella se conoce un oficio y se crean redes de interacci\u00f3n e interconexi\u00f3n.<\/p>\n<p>ING: Knowing how to move through the world of work. Professionalization makes it possible to negotiate with awareness the difficulties and opportunities found there, becoming familiar with a craft and creating networks of interaction and interconnection.<\/p>\n<\/span><\/li><\/ul><ul class=\"glossary-atoz glossary-atoz-t atozitems-off\"><li class=\"glossary-item atoz-li atoz-li-t\"><span class=\"atoz-term-title\">T\u00e9cnica \/ Technique<\/span><br><span class=\"glossary-item-desc\"><p>ESP: Relacionada a las diferentes acciones y aplicaciones pr\u00e1cticas en la elaboraci\u00f3n de las diferentes obras de arte. Acciones espec\u00edficas que se ejecutan en los diferentes procedimientos que llevan a la realizaci\u00f3n de una obra de arte.<\/p>\n<p>ING: Involving the different actions and practical applications used in developing works of art, specific actions carried out in the different procedures that lead to the creation of a work of art.<\/p>\n<\/span><\/li><\/ul><ul class=\"glossary-atoz glossary-atoz-v atozitems-off\"><li class=\"glossary-item atoz-li atoz-li-v\"><span class=\"atoz-term-title\">Venta \/ Sale<\/span><br><span class=\"glossary-item-desc\"><p>ESP: Se refiere al proceso de compra \u2013 venta de la obra de arte, y esto trae consigo el sentido de valorar la obra, ponerle precio y pagar los impuestos correspondientes. La venta se refiere a todo lo que determina el precio para la adquisici\u00f3n de una obra de arte.<\/p>\n<p>ING: The sale of a work of art brings with it the need to place a value, a price, on it and pay the corresponding taxes. Sale refers to everything that determines the price of acquiring a work of art.<\/p>\n<\/span><\/li><\/ul><\/div><\/div>[\/vc_column_text][\/vc_column_inner][\/vc_row_inner][\/vc_column][\/vc_row]<\/p>\n<\/div>","protected":false},"excerpt":{"rendered":"<p>[vc_row css_animation=&#8221;&#8221; row_type=&#8221;row&#8221; use_row_as_full_screen_section=&#8221;no&#8221; type=&#8221;grid&#8221; angled_section=&#8221;no&#8221; text_align=&#8221;left&#8221; background_image_as_pattern=&#8221;without_pattern&#8221; anchor=&#8221;work&#8221; css=&#8221;.vc_custom_1592263907924{padding-top: 60px !important;padding-bottom: 60px !important;}&#8221; el_id=&#8221;work&#8221; z_index=&#8221;&#8221;][vc_column][vc_column_text] Our Work [\/vc_column_text][vc_separator type=&#8221;normal&#8221; down=&#8221;30&#8243;][vc_column_text]We harness the creative nature of human beings as a tool for social development. We build programs that support the professionalization of artists, artisans, designers and different actors involved in cultural activity.[\/vc_column_text][\/vc_column][\/vc_row][vc_row css_animation=&#8221;&#8221; row_type=&#8221;row&#8221; use_row_as_full_screen_section=&#8221;yes&#8221;&#8230;<\/p>\n","protected":false},"author":2,"featured_media":0,"parent":0,"menu_order":0,"comment_status":"closed","ping_status":"closed","template":"","meta":{"footnotes":""},"class_list":["post-620","page","type-page","status-publish","hentry"],"_links":{"self":[{"href":"https:\/\/fundacionjaviermarin.mx\/en\/wp-json\/wp\/v2\/pages\/620","targetHints":{"allow":["GET"]}}],"collection":[{"href":"https:\/\/fundacionjaviermarin.mx\/en\/wp-json\/wp\/v2\/pages"}],"about":[{"href":"https:\/\/fundacionjaviermarin.mx\/en\/wp-json\/wp\/v2\/types\/page"}],"author":[{"embeddable":true,"href":"https:\/\/fundacionjaviermarin.mx\/en\/wp-json\/wp\/v2\/users\/2"}],"replies":[{"embeddable":true,"href":"https:\/\/fundacionjaviermarin.mx\/en\/wp-json\/wp\/v2\/comments?post=620"}],"version-history":[{"count":11,"href":"https:\/\/fundacionjaviermarin.mx\/en\/wp-json\/wp\/v2\/pages\/620\/revisions"}],"predecessor-version":[{"id":6209,"href":"https:\/\/fundacionjaviermarin.mx\/en\/wp-json\/wp\/v2\/pages\/620\/revisions\/6209"}],"wp:attachment":[{"href":"https:\/\/fundacionjaviermarin.mx\/en\/wp-json\/wp\/v2\/media?parent=620"}],"curies":[{"name":"wp","href":"https:\/\/api.w.org\/{rel}","templated":true}]}}