{"id":644,"date":"2017-06-20T14:40:46","date_gmt":"2017-06-20T19:40:46","guid":{"rendered":"http:\/\/fundacionjaviermarin.mx\/?page_id=644\/"},"modified":"2021-06-25T12:34:31","modified_gmt":"2021-06-25T17:34:31","slug":"a-arte-bajo-cabe-con-contra-de-desde","status":"publish","type":"page","link":"https:\/\/fundacionjaviermarin.mx\/en\/a-arte-bajo-cabe-con-contra-de-desde\/","title":{"rendered":"A, ARTE, BAJO, CABE, CON, CONTRA, DE, DESDE&#8230;"},"content":{"rendered":"<div class=\"wpb-content-wrapper\"><p>[vc_row css_animation=&#8221;&#8221; row_type=&#8221;row&#8221; use_row_as_full_screen_section=&#8221;no&#8221; type=&#8221;full_width&#8221; angled_section=&#8221;no&#8221; text_align=&#8221;left&#8221; background_image_as_pattern=&#8221;without_pattern&#8221; padding_bottom=&#8221;30&#8243;][vc_column width=&#8221;1\/3&#8243;][vc_single_image image=&#8221;283&#8243; img_size=&#8221;large&#8221; qode_css_animation=&#8221;&#8221;][\/vc_column][vc_column width=&#8221;2\/3&#8243;][vc_row_inner row_type=&#8221;row&#8221; type=&#8221;full_width&#8221; text_align=&#8221;left&#8221; css_animation=&#8221;&#8221;][vc_column_inner width=&#8221;2\/3&#8243;][vc_column_text]<\/p>\n<h2>Description<\/h2>\n<p>[\/vc_column_text][\/vc_column_inner][vc_column_inner width=&#8221;1\/3&#8243; offset=&#8221;vc_hidden-lg vc_hidden-md vc_hidden-sm vc_hidden-xs&#8221;]<a  itemprop=\"url\" href=\"https:\/\/www.kichink.com\/buy\/1390567\/coleccion-puntal-de-la-fundacion-javier-marin\/a-arte-bajo-cabe-con-contra-de-de\" target=\"_blank\"  class=\"qbutton  center default\" style=\"\">Buy now<i class=\"qode_icon_font_awesome fa fa-arrow-right qode_button_icon_element\" style=\"\" ><\/i><\/a><a  itemprop=\"url\" href=\"https:\/\/www.kichink.com\/buy\/1390567\/coleccion-puntal-de-la-fundacion-javier-marin\/a-arte-bajo-cabe-con-contra-de-de\" target=\"_blank\"  class=\"qbutton  center default\" style=\"\">Buy now<i class=\"qode_icon_font_awesome fa fa-arrow-right qode_button_icon_element\" style=\"\" ><\/i><\/a>[\/vc_column_inner][\/vc_row_inner][vc_separator type=&#8221;normal&#8221; down=&#8221;30&#8243;][vc_column_text]<\/p>\n<h4>Ekaterina \u00c1lvarez y Jaime Soler Frost<\/h4>\n<p>Illustrations by Luis Carlos Hurtado[\/vc_column_text][vc_empty_space height=&#8221;20px&#8221;][vc_column_text]Paperback<br \/>\nPrinted in two colors<br \/>\n116 pages<br \/>\n19 x 13.5 cm<br \/>\n140.00 MX | 7.5 USD | 7.00 \u20ac<br \/>\n978-607-97508-2-4[\/vc_column_text][vc_empty_space height=&#8221;20px&#8221;][\/vc_column][\/vc_row][vc_row css_animation=&#8221;&#8221; row_type=&#8221;row&#8221; use_row_as_full_screen_section=&#8221;no&#8221; type=&#8221;full_width&#8221; angled_section=&#8221;no&#8221; text_align=&#8221;left&#8221; background_image_as_pattern=&#8221;without_pattern&#8221; padding_top=&#8221;30&#8243; padding_bottom=&#8221;30&#8243;][vc_column][vc_column_text]This is simultaneously a brief compendium of useful tools for building an idea with words and a simple guide for effectively writing a project.[\/vc_column_text][vc_empty_space height=&#8221;20px&#8221;][vc_column_text]Based on their experience in publishing and publications in the art world, the authors use an illustrated glossary format to gather and reinvent a catalogue with terms from the field.[\/vc_column_text][vc_empty_space height=&#8221;20px&#8221;][vc_column_text]The aim is to offer the reader direct access to the basic tools and minimum definitions needed to deal with the blank page, since moving from the spoken to the written word requires a series of steps to get good results.[\/vc_column_text][vc_empty_space height=&#8221;20px&#8221;][vc_column_text]So, the book is an invitation to explore or freely investigate its pages without running the risk of getting lost in a long discourse or treatise.[\/vc_column_text][vc_empty_space height=&#8221;20px&#8221;][\/vc_column][\/vc_row][vc_row css_animation=&#8221;&#8221; row_type=&#8221;row&#8221; use_row_as_full_screen_section=&#8221;no&#8221; type=&#8221;full_width&#8221; angled_section=&#8221;no&#8221; text_align=&#8221;left&#8221; background_image_as_pattern=&#8221;without_pattern&#8221; padding_bottom=&#8221;30&#8243;][vc_column][vc_raw_html]JTNDZGl2JTIwZGF0YS1jb25maWdpZCUzRCUyMjI5NzU2MTQ4JTJGNDkyMzIyODAlMjIlMjBzdHlsZSUzRCUyMndpZHRoJTNBMTAwJTI1JTNCJTIwaGVpZ2h0JTNBNjAwcHglM0IlMjIlMjBjbGFzcyUzRCUyMmlzc3V1ZW1iZWQlMjIlM0UlM0MlMkZkaXYlM0UlMEElMEE=[\/vc_raw_html][vc_raw_js]JTNDc2NyaXB0JTIwdHlwZSUzRCUyMnRleHQlMkZqYXZhc2NyaXB0JTIyJTIwc3JjJTNEJTIyJTJGJTJGZS5pc3N1dS5jb20lMkZlbWJlZC5qcyUyMiUyMGFzeW5jJTNEJTIydHJ1ZSUyMiUzRSUzQyUyRnNjcmlwdCUzRQ==[\/vc_raw_js][\/vc_column][\/vc_row][vc_row css_animation=&#8221;&#8221; row_type=&#8221;row&#8221; use_row_as_full_screen_section=&#8221;no&#8221; type=&#8221;full_width&#8221; angled_section=&#8221;no&#8221; text_align=&#8221;left&#8221; background_image_as_pattern=&#8221;without_pattern&#8221; padding_top=&#8221;30&#8243; padding_bottom=&#8221;30&#8243;][vc_column][vc_column_text]<strong>Ekaterina \u00c1lvarez<\/strong> is an editor who has worked in different cultural publishing efforts involving contemporary art. She was the editorial coordinator of the Turner Collection of illustrated books. She did graduate studies in U.S. and Czech literature at the Carolingian University of Prague. She was the general coordinator of Mexico City\u2019s Casa Vecina (The House Next Door), where, with Luis Felipe Fabre, she co-edited the magazine <em>Galleta China: arte y propaganda<\/em> (<em>Fortune Cookie: Art and Propaganda<\/em>), and edited the Extended Studio Collection in collaboration with Willy Kautz. She works as a freelance editor of illustrated books, for more than 15 years specializing in editing art catalogues. She is currently the head of publications at the University Contemporary Art Museum (muac) and the Folios Collection.[\/vc_column_text][vc_empty_space height=&#8221;20px&#8221;][vc_column_text]<strong>Jaime Soler Frost<\/strong> is an editor, translator, and visual artist who has exhibited in Mexico, the United States, Belgium, and Luxemburg. As editor, translator, or designer, he has collaborated in the publication of catalogues and art books with institutions like the Old College of San Ildefonso, the Economic Culture Fund publishing house, the Bancomer Foundation, the Jumex Foundation\/ Collection, the National Institute of Anthropology and History, the National Fine Arts Institute, the Carrillo Puerto Art Museum, the Franz Mayer Museum, the National Art Museum (Munal), the University Contemporary Art Museum (muac), the Orfe\u00f3 Catal\u00e0 de M\u00e8xic, RM Editores and Siglo XXI Editores publishing houses, and The Barrag\u00e1n Foundation (Switzerland), among others. As an author, he has contributed to the books <em>Obra negra. Tom\u00e1s Casademunt<\/em> (Under Construction: Tom\u00e1s Casademunt; Arquine, 2013) and Anish Kapoor. <em>Arqueolog\u00eda: biolog\u00eda<\/em> (Anish Kapoor. Archaeology: Biology; muac, 2016). He headed the Libros del Umbral publishing house and is publications coordinator at the unam Institute for Aesthetic Research.[\/vc_column_text][vc_empty_space height=&#8221;30px&#8221;][vc_column_text]<strong>Luis Carlos Hurtado<\/strong> is an artist and writer who studied visual arts at the La Esmeralda academy. His recent projects explore daily practices in Mexico\u2019s Southeast in order to develop conceptual relationships. His work has been shown in Mexico, the United States, Greece, and Colombia. In 2010, he was awarded a residency in Brittany, France, and in 2011, he became a member of the National System of Creators of Art. His book <em>Bit\u00e1cora de viaje<\/em> (Travelogue) was published with support from the government of the state of Campeche. In 2015, his feature article \u201cLa verdad no tiene precio\u201d (Truth Has No Price) was published on the Horizontal digital platform. In 2009, he founded MoNDAo Corp. with Gabriela Rodr\u00edguez, a space for multi-level artistic experimentation that includes both publishing and graphic work (mondaocorp.com.mx).[\/vc_column_text][vc_empty_space height=&#8221;30px&#8221;][\/vc_column][\/vc_row]<\/p>\n<\/div>","protected":false},"excerpt":{"rendered":"<p>[vc_row css_animation=&#8221;&#8221; row_type=&#8221;row&#8221; use_row_as_full_screen_section=&#8221;no&#8221; type=&#8221;full_width&#8221; angled_section=&#8221;no&#8221; text_align=&#8221;left&#8221; background_image_as_pattern=&#8221;without_pattern&#8221; padding_bottom=&#8221;30&#8243;][vc_column width=&#8221;1\/3&#8243;][vc_single_image image=&#8221;283&#8243; img_size=&#8221;large&#8221; qode_css_animation=&#8221;&#8221;][\/vc_column][vc_column width=&#8221;2\/3&#8243;][vc_row_inner row_type=&#8221;row&#8221; type=&#8221;full_width&#8221; text_align=&#8221;left&#8221; css_animation=&#8221;&#8221;][vc_column_inner width=&#8221;2\/3&#8243;][vc_column_text] Description [\/vc_column_text][\/vc_column_inner][vc_column_inner width=&#8221;1\/3&#8243; offset=&#8221;vc_hidden-lg vc_hidden-md vc_hidden-sm vc_hidden-xs&#8221;][\/vc_column_inner][\/vc_row_inner][vc_separator type=&#8221;normal&#8221; down=&#8221;30&#8243;][vc_column_text] Ekaterina \u00c1lvarez y Jaime Soler Frost Illustrations by Luis Carlos Hurtado[\/vc_column_text][vc_empty_space height=&#8221;20px&#8221;][vc_column_text]Paperback Printed in two colors 116 pages 19 x 13.5 cm 140.00 MX | 7.5 USD&#8230;<\/p>\n","protected":false},"author":2,"featured_media":0,"parent":0,"menu_order":0,"comment_status":"closed","ping_status":"closed","template":"","meta":{"footnotes":""},"class_list":["post-644","page","type-page","status-publish","hentry"],"_links":{"self":[{"href":"https:\/\/fundacionjaviermarin.mx\/en\/wp-json\/wp\/v2\/pages\/644","targetHints":{"allow":["GET"]}}],"collection":[{"href":"https:\/\/fundacionjaviermarin.mx\/en\/wp-json\/wp\/v2\/pages"}],"about":[{"href":"https:\/\/fundacionjaviermarin.mx\/en\/wp-json\/wp\/v2\/types\/page"}],"author":[{"embeddable":true,"href":"https:\/\/fundacionjaviermarin.mx\/en\/wp-json\/wp\/v2\/users\/2"}],"replies":[{"embeddable":true,"href":"https:\/\/fundacionjaviermarin.mx\/en\/wp-json\/wp\/v2\/comments?post=644"}],"version-history":[{"count":5,"href":"https:\/\/fundacionjaviermarin.mx\/en\/wp-json\/wp\/v2\/pages\/644\/revisions"}],"predecessor-version":[{"id":5883,"href":"https:\/\/fundacionjaviermarin.mx\/en\/wp-json\/wp\/v2\/pages\/644\/revisions\/5883"}],"wp:attachment":[{"href":"https:\/\/fundacionjaviermarin.mx\/en\/wp-json\/wp\/v2\/media?parent=644"}],"curies":[{"name":"wp","href":"https:\/\/api.w.org\/{rel}","templated":true}]}}