{"id":703,"date":"2017-06-21T10:05:05","date_gmt":"2017-06-21T15:05:05","guid":{"rendered":"http:\/\/fundacionjaviermarin.mx\/?page_id=703\/"},"modified":"2021-07-28T12:00:59","modified_gmt":"2021-07-28T17:00:59","slug":"puntal-collection","status":"publish","type":"page","link":"https:\/\/fundacionjaviermarin.mx\/en\/educational-program-2\/puntal-collection\/","title":{"rendered":"Puntal Collection"},"content":{"rendered":"<div class=\"wpb-content-wrapper\"><p>[vc_row css_animation=&#8221;&#8221; row_type=&#8221;row&#8221; use_row_as_full_screen_section=&#8221;no&#8221; type=&#8221;grid&#8221; angled_section=&#8221;no&#8221; text_align=&#8221;left&#8221; background_image_as_pattern=&#8221;without_pattern&#8221; padding_bottom=&#8221;60&#8243;][vc_column][vc_column_text]The publication program produces a printed extension of the activities carried out by the Javier Marin Foundation in relation to the convergence, reflection on and professionalization of the plastic and visual arts.[\/vc_column_text][vc_empty_space height=&#8221;20px&#8221;][vc_column_text]<\/p>\n<p class=\"Normal1\"><span lang=\"EN-US\">The <i>Puntal Series<\/i> was born to continue fostering encounters <i>(encuentros). <\/i>The titles are devised as instruments and supporting materials for emerging artists, researchers in the arts, cultural anthropologists, academics, promoters and producers, among others; they constitute useful tools for the development of various skills for professional life. To date we have published five titles in Spanish language, and the first three can be consulted free online:<\/span><\/p>\n<p>[\/vc_column_text][vc_empty_space height=&#8221;20px&#8221;][vc_column_text]<em><strong>01. Portafolio de artista. Una herramienta clave para una promoci\u00f3n exitosa. <\/strong><\/em><em>(Artist&#8217;s Portfolio. A Key Tool for Successful Promotion).<\/em><\/p>\n<p>Catalina Restrepo Leong\u00f3mez. Prologue by Felipe Ehrenberg.<\/p>\n<p><strong>02. <em>a, arte, bajo, cabe, con, contra, de, desde&#8230; Nociones para escribir un proyecto de arte. <\/em><\/strong><em>(<\/em><em>Tips on How to Write an Art Project). <\/em><\/p>\n<p>Ekaterina \u00c1lvarez and Jaime Soler Frost. Illustrations by Luis Carlos Hurtado.<\/p>\n<p><strong><em>03. De la idea al papel: pasos para solicitar patrocinios culturales (<\/em><\/strong><em>From Idea to Paper: Steps to Apply for Cultural Grants)<\/em><\/p>\n<p>Ivonne P\u00e9rez Esquivel and Ren\u00e9 Roquet. Illustrations by Jis.<\/p>\n<p><em><strong>04. Comunicar la creatividad. Promoci\u00f3n digital para artistas y proyectos culturales. <\/strong>(<\/em><em>Communicating Creativity. Digital Promotion for Artists and Cultural Projects).<\/em>Alejandra Mateos. Illustrations by Alejandro Magallanes.<\/p>\n<p class=\"Normal1\"><strong>05. \u00bfVivir del arte? S\u00ed. El universo del mercado y la valuaci\u00f3n de las artes pl\u00e1sticas. <\/strong><em>(Can You Live On Art? Yes. The Art Market and the Valuation of Plastic Arts )<\/em>Rafael Matos and Valeria Matos. Illustrations by Trino.<\/p>\n<p><em><strong>06. \u00bfQu\u00e9 es una tesis de arte? \u00bfPara qu\u00e9 sirve?\u00a0<\/strong><\/em>Roc\u00edo Montoya y Pilar Villela. Ilustrations by Dulce Chac\u00f3n.[\/vc_column_text][\/vc_column][\/vc_row][vc_row css_animation=&#8221;&#8221; row_type=&#8221;row&#8221; use_row_as_full_screen_section=&#8221;no&#8221; type=&#8221;grid&#8221; angled_section=&#8221;no&#8221; text_align=&#8221;left&#8221; background_image_as_pattern=&#8221;without_pattern&#8221; padding_top=&#8221;30&#8243; padding_bottom=&#8221;60&#8243;][vc_column]<div class='cover_boxes' data-active-element='1'><ul class='clearfix'><li><div class='box'><a itemprop='url' class='thumb' href='\/en\/portafolio-de-artista\/' target='_self'><img itemprop='image' alt='PORTAFOLIO DE ARTISTA' src='https:\/\/fundacionjaviermarin.mx\/wp-content\/uploads\/2017\/05\/libro-portafolio-artista.jpg' \/><\/a><div class='box_content'><h3 >PORTAFOLIO DE ARTISTA<\/h3><p >This book covers practical advice born from experience and different ways of compiling a portfolio, so that more than an archivist of completed works, it is a useful tool to publicize the personal line of work.<\/p><a itemprop='url' class='qbutton tiny' href='\/en\/portafolio-de-artista\/' target='_self'>More info<\/a><\/div><\/div><\/li><li><div class='box'><a itemprop='url' class='thumb' href='\/en\/a-arte-bajo-cabe-con-contra-de-desde\/' target='_self'><img itemprop='image' alt='A, ARTE, BAJO, CABE, CON, CONTRA, DE, DESDE...' src='https:\/\/fundacionjaviermarin.mx\/wp-content\/uploads\/2017\/05\/libro-arte.jpg' \/><\/a><div class='box_content'><h3 >A, ARTE, BAJO, CABE, CON, CONTRA, DE, DESDE...<\/h3><p >Does this book offer a brief compendium of useful tools for building an idea? with words. It is both a simple guide - to deal effectively with writing a project.<\/p><a itemprop='url' class='qbutton tiny' href='\/en\/a-arte-bajo-cabe-con-contra-de-desde\/' target='_self'>More info<\/a><\/div><\/div><\/li><li><div class='box'><a itemprop='url' class='thumb' href='\/en\/de-la-idea-al-papel\/' target='_self'><img itemprop='image' alt='DE LA IDEA AL PAPEL' src='https:\/\/fundacionjaviermarin.mx\/wp-content\/uploads\/2017\/05\/libro-idea-papel.jpg' \/><\/a><div class='box_content'><h3 >DE LA IDEA AL PAPEL<\/h3><p >This book is a compendium of tools and advice that seeks to facilitate the lives of those people who want to obtain resources, either individually or as a group, for cultural purposes.<\/p><a itemprop='url' class='qbutton tiny' href='\/en\/de-la-idea-al-papel\/' target='_self'>More info<\/a><\/div><\/div><\/li><\/ul><\/div>[vc_empty_space height=&#8221;20px&#8221;]<div class='cover_boxes' data-active-element='1'><ul class='clearfix'><li><div class='box'><a itemprop='url' class='thumb' href='\/en\/comunicar-la-creatividad\/' target='_self'><img itemprop='image' alt='Comunicar la creatividad' src='https:\/\/fundacionjaviermarin.mx\/wp-content\/uploads\/2021\/06\/libro-comunicar-creatividad.jpg' \/><\/a><div class='box_content'><h3 >Comunicar la creatividad<\/h3><p >This book explores contemporary communication needs of artists and those who are just starting out in promoting cultural projects. It focuses on how to gain recognition and presence, as well as the different strategies to make yourself visible in the right places.<\/p><a itemprop='url' class='qbutton tiny' href='\/en\/comunicar-la-creatividad\/' target='_self'>More info<\/a><\/div><\/div><\/li><li><div class='box'><a itemprop='url' class='thumb' href='\/en\/vivir-del-arte\/' target='_self'><img itemprop='image' alt='\u00bfVivir del arte? S\u00ed' src='https:\/\/fundacionjaviermarin.mx\/wp-content\/uploads\/2021\/06\/libro-vivir-arte.jpg' \/><\/a><div class='box_content'><h3 >\u00bfVivir del arte? S\u00ed<\/h3><p >Artistic expression is not born as a commodity, but its creators have to sell it to be able to support themselves. This book offers a panoramic view of some of the most important aspects involved in the sale of art works, to orient artists about how to get into the market.<\/p><a itemprop='url' class='qbutton tiny' href='\/en\/vivir-del-arte\/' target='_self'>More info<\/a><\/div><\/div><\/li><li><div class='box'><a itemprop='url' class='thumb' href='\/en\/que-es-una-tesis-de-arte-1\/' target='_self'><img itemprop='image' alt='Qu\u00e9 es una tesis de arte' src='https:\/\/fundacionjaviermarin.mx\/wp-content\/uploads\/2021\/06\/libro-tesis-arte.jpg' \/><\/a><div class='box_content'><h3 >Qu\u00e9 es una tesis de arte<\/h3><p >Research processes, methodologies, types of analysis, and the presentation of results are conceived based on the practice of the visual arts, which is valuable because artistic research is a dynamic and growing field that is still evolving.<\/p><a itemprop='url' class='qbutton tiny' href='\/en\/que-es-una-tesis-de-arte-1\/' target='_self'>More info<\/a><\/div><\/div><\/li><\/ul><\/div>[\/vc_column][\/vc_row][vc_row css_animation=&#8221;&#8221; row_type=&#8221;row&#8221; use_row_as_full_screen_section=&#8221;no&#8221; type=&#8221;grid&#8221; angled_section=&#8221;no&#8221; text_align=&#8221;left&#8221; background_image_as_pattern=&#8221;without_pattern&#8221; css=&#8221;.vc_custom_1496942806953{padding-top: 40px !important;padding-bottom: 40px !important;}&#8221;][vc_column]<div class=\"container_inner\"><div class=\"call_to_action normal\" style=\"background-color: #f7f7f7;padding-top: 20px;padding-bottom: 20px;\"><div class=\"two_columns_75_25 clearfix\"><div class=\"text_wrapper column1\"><div class=\"call_to_action_text \" style=\"\"><img loading=\"lazy\" decoding=\"async\" class=\"alignleft wp-image-810\" style=\"margin-bottom: 0px;\" src=\"\/wp-content\/uploads\/2017\/06\/libros-coleccion-300x144.jpg\" alt=\"Colecci\u00f3n Puntual\" width=\"135\" height=\"65\" srcset=\"https:\/\/fundacionjaviermarin.mx\/wp-content\/uploads\/2017\/06\/libros-coleccion-300x144.jpg 300w, https:\/\/fundacionjaviermarin.mx\/wp-content\/uploads\/2017\/06\/libros-coleccion.jpg 499w\" sizes=\"auto, (max-width: 135px) 100vw, 135px\" \/><\/p>\n<h4>Collection Puntal (Pack)<\/h4>\n<p><span style=\"color: #565656;\">Receive three titles from the Puntal collection with a special discount<\/span><\/div><\/div><div class=\"button_wrapper column2\"><a itemprop=\"url\" href=\"https:\/\/www.kichink.com\/buy\/1390786\/coleccion-puntal-de-la-fundacion-javier-marin\/coleccion-puntal-paquete\" class=\"qbutton white \" target=\"_blank\" style=\"color: #ffffff;border-color: #ed1d23;background-color: #ed1d23;\" data-hover-background-color=#ffffff data-hover-border-color=#000000 data-hover-color=#000000>Buy collection<\/a><\/div><\/div><\/div><\/div>[\/vc_column][\/vc_row][vc_row css_animation=&#8221;&#8221; row_type=&#8221;row&#8221; use_row_as_full_screen_section=&#8221;no&#8221; type=&#8221;full_width&#8221; angled_section=&#8221;no&#8221; text_align=&#8221;left&#8221; background_image_as_pattern=&#8221;without_pattern&#8221;][vc_column width=&#8221;1\/2&#8243;][vc_column_text]<\/p>\n<h5>You can buy them in:<\/h5>\n<p>[\/vc_column_text][vc_separator type=&#8221;normal&#8221; down=&#8221;30&#8243;][vc_column_text]<\/p>\n<ul>\n<li><a href=\"https:\/\/pendulo.com\/paginas\/barRoma\" target=\"_blank\" rel=\"noopener noreferrer\">P\u00e9ndulo Roma <i class=\"fa fa-external-link\"><\/i><\/a><\/li>\n<li><a href=\"https:\/\/pendulo.com\/images\/paginas\/rv_pendulo\/condesa\/\" target=\"_blank\" rel=\"noopener noreferrer\">P\u00e9ndulo Condesa <i class=\"fa fa-external-link\"><\/i><\/a><\/li>\n<li><a href=\"https:\/\/pendulo.com\/images\/paginas\/rv_pendulo\/Polanco\/\" target=\"_blank\" rel=\"noopener noreferrer\">P\u00e9ndulo Polanco <i class=\"fa fa-external-link\"><\/i><\/a><\/li>\n<li><a href=\"http:\/\/museotamayo.org\/tienda-tamayo\" target=\"_blank\" rel=\"noopener noreferrer\">Tienda del Museo Tamayo <i class=\"fa fa-external-link\"><\/i><\/a><\/li>\n<\/ul>\n<p>[\/vc_column_text][\/vc_column][vc_column width=&#8221;1\/2&#8243;][vc_column_text]<\/p>\n<h5>YOU CAN CONSULT IN:<\/h5>\n<p>[\/vc_column_text][vc_separator type=&#8221;normal&#8221; down=&#8221;30&#8243;][vc_column_text]<\/p>\n<ul>\n<li><a href=\"http:\/\/www.casalamm.com.mx\/index.php\/biblioteca-arte-lamm\/biblioteca-de-arte\" target=\"_blank\" rel=\"noopener noreferrer\"> Biblioteca de Arte Casa Lamm <i class=\"fa fa-external-link\"><\/i><\/a><\/li>\n<li><a href=\"http:\/\/www.cultura.gob.mx\/regiones_de_mexico\/centro_occidente\/detalle_lugar.php?espacio=49529\" target=\"_blank\" rel=\"noopener noreferrer\">Biblioteca del\u00a0IAGO <i class=\"fa fa-external-link\"><\/i><\/a><\/li>\n<li><a href=\"http:\/\/www.ucsj.edu.mx\/index.php\/biblioteca\" target=\"_blank\" rel=\"noopener noreferrer\">Biblioteca de la Universidad del Claustro de Sor Juana <i class=\"fa fa-external-link\"><\/i><\/a><\/li>\n<\/ul>\n<p>[\/vc_column_text][\/vc_column][\/vc_row][vc_row css_animation=&#8221;&#8221; row_type=&#8221;row&#8221; use_row_as_full_screen_section=&#8221;no&#8221; type=&#8221;grid&#8221; angled_section=&#8221;no&#8221; text_align=&#8221;left&#8221; background_image_as_pattern=&#8221;without_pattern&#8221; css=&#8221;.vc_custom_1496942806953{padding-top: 40px !important;padding-bottom: 40px !important;}&#8221;][vc_column]<div class=\"container_inner\"><div class=\"call_to_action normal\" style=\"background-color: #f7f7f7;padding-top: 20px;padding-bottom: 20px;\"><div class=\"two_columns_75_25 clearfix\"><div class=\"text_wrapper column1\"><div class=\"call_to_action_text \" style=\"\">\n<h4>Newsletter<\/h4>\n<p><span style=\"color: #565656;\">If you want to receive news of the publications subscribe to our newsletter<\/span><\/div><\/div><div class=\"button_wrapper column2\"><a itemprop=\"url\" href=\"\/en\/contact\/mailing\/\" class=\"qbutton white \" target=\"_blank\" style=\"color: #ffffff;border-color: #ed1d23;background-color: #ed1d23;\" data-hover-background-color=#ffffff data-hover-border-color=#000000 data-hover-color=#000000>Newsletter<\/a><\/div><\/div><\/div><\/div>[\/vc_column][\/vc_row]<\/p>\n<\/div>","protected":false},"excerpt":{"rendered":"<p>[vc_row css_animation=&#8221;&#8221; row_type=&#8221;row&#8221; use_row_as_full_screen_section=&#8221;no&#8221; type=&#8221;grid&#8221; angled_section=&#8221;no&#8221; text_align=&#8221;left&#8221; background_image_as_pattern=&#8221;without_pattern&#8221; padding_bottom=&#8221;60&#8243;][vc_column][vc_column_text]The publication program produces a printed extension of the activities carried out by the Javier Marin Foundation in relation to the convergence, reflection on and professionalization of the plastic and visual arts.[\/vc_column_text][vc_empty_space height=&#8221;20px&#8221;][vc_column_text] The Puntal Series was born to continue fostering encounters (encuentros). The titles are devised&#8230;<\/p>\n","protected":false},"author":2,"featured_media":0,"parent":624,"menu_order":0,"comment_status":"closed","ping_status":"closed","template":"","meta":{"footnotes":""},"class_list":["post-703","page","type-page","status-publish","hentry"],"_links":{"self":[{"href":"https:\/\/fundacionjaviermarin.mx\/en\/wp-json\/wp\/v2\/pages\/703","targetHints":{"allow":["GET"]}}],"collection":[{"href":"https:\/\/fundacionjaviermarin.mx\/en\/wp-json\/wp\/v2\/pages"}],"about":[{"href":"https:\/\/fundacionjaviermarin.mx\/en\/wp-json\/wp\/v2\/types\/page"}],"author":[{"embeddable":true,"href":"https:\/\/fundacionjaviermarin.mx\/en\/wp-json\/wp\/v2\/users\/2"}],"replies":[{"embeddable":true,"href":"https:\/\/fundacionjaviermarin.mx\/en\/wp-json\/wp\/v2\/comments?post=703"}],"version-history":[{"count":12,"href":"https:\/\/fundacionjaviermarin.mx\/en\/wp-json\/wp\/v2\/pages\/703\/revisions"}],"predecessor-version":[{"id":5943,"href":"https:\/\/fundacionjaviermarin.mx\/en\/wp-json\/wp\/v2\/pages\/703\/revisions\/5943"}],"up":[{"embeddable":true,"href":"https:\/\/fundacionjaviermarin.mx\/en\/wp-json\/wp\/v2\/pages\/624"}],"wp:attachment":[{"href":"https:\/\/fundacionjaviermarin.mx\/en\/wp-json\/wp\/v2\/media?parent=703"}],"curies":[{"name":"wp","href":"https:\/\/api.w.org\/{rel}","templated":true}]}}